{"id":1092,"date":"2021-08-18T12:45:36","date_gmt":"2021-08-18T12:45:36","guid":{"rendered":"https:\/\/concordia.produkt-demo.de\/?post_type=product&#038;p=1092"},"modified":"2021-08-18T12:45:36","modified_gmt":"2021-08-18T12:45:36","slug":"olivenoel-500ml","status":"publish","type":"product","link":"https:\/\/la-concordia.de\/?product=olivenoel-500ml","title":{"rendered":"Oliven\u00f6l 500ml"},"content":{"rendered":"<p>LA CONCORDIA Extra natives Oliven\u00f6l aus Italien, 500 ml<\/p>\n<p>Erste G\u00fcteklasse \u2013 direkt aus Oliven ausschlie\u00dflich mit mechanischen Verfahren gewonnen.<\/p>\n<p>Dieses dunkelgr\u00fcne, kaltgepresst, ungefiltert extra native Oliven\u00f6l zeichnet sich durch den typischen Duft von ganz frisch gepressten Oliven aus. Um seinen erstklassigen Geschmack auch wertzusch\u00e4tzen, empfehlen wir dieses fruchtige \u00d6l zu w\u00fcrzigen Salaten, H\u00fclsenfr\u00fcchten, Toastbrot usw. Bei der Verarbeitung der Oliven wird darauf geachtet das die gr\u00fcne Farbe und der fruchtige Geschmack erhalten bleibt. Diese Oliven sind kalt gepresst und wurden keinem chemischen Prozess unterzogen.<\/p>\n<p>ZUTATEN: Natives Oliven\u00f6l extra Kaltgepresst<\/p>\n<p>Nettof\u00fcllmenge: 500ml<\/p>\n<p>Aufbewahrungshinweis: An einem k\u00fchlen Ort aufbewahren und keiner direkten W\u00e4rmeeinwirkung aussetzen.<\/p>\n","protected":false},"excerpt":{"rendered":"<p>LA CONCORDIA Extra natives Oliven\u00f6l aus Italien, 500 ml Erste G\u00fcteklasse \u2013 direkt aus Oliven ausschlie\u00dflich mit mechanischen Verfahren gewonnen. Dieses dunkelgr\u00fcne, kaltgepresst, ungefiltert extra native Oliven\u00f6l zeichnet sich durch&#8230;<\/p>\n","protected":false},"featured_media":1093,"comment_status":"closed","ping_status":"closed","template":"","meta":[],"product_cat":[36],"product_tag":[],"class_list":{"0":"post-1092","1":"product","2":"type-product","3":"status-publish","4":"has-post-thumbnail","6":"product_cat-olivenoel","8":"first","9":"instock","10":"shipping-taxable","11":"purchasable","12":"product-type-simple"},"yoast_head":"<!-- This site is optimized with the Yoast SEO plugin v17.9 - https:\/\/yoast.com\/wordpress\/plugins\/seo\/ -->\n<title>Oliven\u00f6l 500ml - La Concordia<\/title>\n<meta name=\"robots\" content=\"index, follow, max-snippet:-1, max-image-preview:large, max-video-preview:-1\" \/>\n<link rel=\"canonical\" href=\"https:\/\/la-concordia.de\/?product=olivenoel-500ml\" \/>\n<meta property=\"og:locale\" content=\"de_DE\" \/>\n<meta property=\"og:type\" content=\"article\" \/>\n<meta property=\"og:title\" content=\"Oliven\u00f6l 500ml - La Concordia\" \/>\n<meta property=\"og:description\" content=\"LA CONCORDIA Extra natives Oliven\u00f6l aus Italien, 500 ml Erste G\u00fcteklasse \u2013 direkt aus Oliven ausschlie\u00dflich mit mechanischen Verfahren gewonnen. Dieses dunkelgr\u00fcne, kaltgepresst, ungefiltert extra native Oliven\u00f6l zeichnet sich durch...\" \/>\n<meta property=\"og:url\" content=\"https:\/\/la-concordia.de\/?product=olivenoel-500ml\" \/>\n<meta property=\"og:site_name\" content=\"La Concordia\" \/>\n<meta property=\"og:image\" content=\"https:\/\/la-concordia.de\/wp-content\/uploads\/2021\/08\/Unbenannt-1-Kopie-e1629290682290.jpg\" \/>\n\t<meta property=\"og:image:width\" content=\"1704\" \/>\n\t<meta property=\"og:image:height\" content=\"1080\" \/>\n\t<meta property=\"og:image:type\" content=\"image\/jpeg\" \/>\n<meta name=\"twitter:card\" content=\"summary_large_image\" \/>\n<meta name=\"twitter:label1\" content=\"Gesch\u00e4tzte Lesezeit\" \/>\n\t<meta name=\"twitter:data1\" content=\"1\u00a0Minute\" \/>\n<script type=\"application\/ld+json\" class=\"yoast-schema-graph\">{\"@context\":\"https:\/\/schema.org\",\"@graph\":[{\"@type\":\"WebSite\",\"@id\":\"https:\/\/la-concordia.de\/#website\",\"url\":\"https:\/\/la-concordia.de\/\",\"name\":\"La Concordia\",\"description\":\"innovativ | italiensch\",\"potentialAction\":[{\"@type\":\"SearchAction\",\"target\":{\"@type\":\"EntryPoint\",\"urlTemplate\":\"https:\/\/la-concordia.de\/?s={search_term_string}\"},\"query-input\":\"required name=search_term_string\"}],\"inLanguage\":\"de\"},{\"@type\":\"ImageObject\",\"@id\":\"https:\/\/la-concordia.de\/?product=olivenoel-500ml#primaryimage\",\"inLanguage\":\"de\",\"url\":\"https:\/\/la-concordia.de\/wp-content\/uploads\/2021\/08\/Unbenannt-1-Kopie-e1629290682290.jpg\",\"contentUrl\":\"https:\/\/la-concordia.de\/wp-content\/uploads\/2021\/08\/Unbenannt-1-Kopie-e1629290682290.jpg\",\"width\":1704,\"height\":1080},{\"@type\":\"WebPage\",\"@id\":\"https:\/\/la-concordia.de\/?product=olivenoel-500ml#webpage\",\"url\":\"https:\/\/la-concordia.de\/?product=olivenoel-500ml\",\"name\":\"Oliven\\u00f6l 500ml - La Concordia\",\"isPartOf\":{\"@id\":\"https:\/\/la-concordia.de\/#website\"},\"primaryImageOfPage\":{\"@id\":\"https:\/\/la-concordia.de\/?product=olivenoel-500ml#primaryimage\"},\"datePublished\":\"2021-08-18T12:45:36+00:00\",\"dateModified\":\"2021-08-18T12:45:36+00:00\",\"breadcrumb\":{\"@id\":\"https:\/\/la-concordia.de\/?product=olivenoel-500ml#breadcrumb\"},\"inLanguage\":\"de\",\"potentialAction\":[{\"@type\":\"ReadAction\",\"target\":[\"https:\/\/la-concordia.de\/?product=olivenoel-500ml\"]}]},{\"@type\":\"BreadcrumbList\",\"@id\":\"https:\/\/la-concordia.de\/?product=olivenoel-500ml#breadcrumb\",\"itemListElement\":[{\"@type\":\"ListItem\",\"position\":1,\"name\":\"Startseite\",\"item\":\"https:\/\/la-concordia.de\/\"},{\"@type\":\"ListItem\",\"position\":2,\"name\":\"Shop\",\"item\":\"https:\/\/la-concordia.de\/?page_id=7\"},{\"@type\":\"ListItem\",\"position\":3,\"name\":\"Oliven\\u00f6l 500ml\"}]}]}<\/script>\n<!-- \/ Yoast SEO plugin. -->","yoast_head_json":{"title":"Oliven\u00f6l 500ml - La Concordia","robots":{"index":"index","follow":"follow","max-snippet":"max-snippet:-1","max-image-preview":"max-image-preview:large","max-video-preview":"max-video-preview:-1"},"canonical":"https:\/\/la-concordia.de\/?product=olivenoel-500ml","og_locale":"de_DE","og_type":"article","og_title":"Oliven\u00f6l 500ml - La Concordia","og_description":"LA CONCORDIA Extra natives Oliven\u00f6l aus Italien, 500 ml Erste G\u00fcteklasse \u2013 direkt aus Oliven ausschlie\u00dflich mit mechanischen Verfahren gewonnen. Dieses dunkelgr\u00fcne, kaltgepresst, ungefiltert extra native Oliven\u00f6l zeichnet sich durch...","og_url":"https:\/\/la-concordia.de\/?product=olivenoel-500ml","og_site_name":"La Concordia","og_image":[{"width":1704,"height":1080,"url":"https:\/\/la-concordia.de\/wp-content\/uploads\/2021\/08\/Unbenannt-1-Kopie-e1629290682290.jpg","type":"image\/jpeg"}],"twitter_card":"summary_large_image","twitter_misc":{"Gesch\u00e4tzte Lesezeit":"1\u00a0Minute"},"schema":{"@context":"https:\/\/schema.org","@graph":[{"@type":"WebSite","@id":"https:\/\/la-concordia.de\/#website","url":"https:\/\/la-concordia.de\/","name":"La Concordia","description":"innovativ | italiensch","potentialAction":[{"@type":"SearchAction","target":{"@type":"EntryPoint","urlTemplate":"https:\/\/la-concordia.de\/?s={search_term_string}"},"query-input":"required name=search_term_string"}],"inLanguage":"de"},{"@type":"ImageObject","@id":"https:\/\/la-concordia.de\/?product=olivenoel-500ml#primaryimage","inLanguage":"de","url":"https:\/\/la-concordia.de\/wp-content\/uploads\/2021\/08\/Unbenannt-1-Kopie-e1629290682290.jpg","contentUrl":"https:\/\/la-concordia.de\/wp-content\/uploads\/2021\/08\/Unbenannt-1-Kopie-e1629290682290.jpg","width":1704,"height":1080},{"@type":"WebPage","@id":"https:\/\/la-concordia.de\/?product=olivenoel-500ml#webpage","url":"https:\/\/la-concordia.de\/?product=olivenoel-500ml","name":"Oliven\u00f6l 500ml - La Concordia","isPartOf":{"@id":"https:\/\/la-concordia.de\/#website"},"primaryImageOfPage":{"@id":"https:\/\/la-concordia.de\/?product=olivenoel-500ml#primaryimage"},"datePublished":"2021-08-18T12:45:36+00:00","dateModified":"2021-08-18T12:45:36+00:00","breadcrumb":{"@id":"https:\/\/la-concordia.de\/?product=olivenoel-500ml#breadcrumb"},"inLanguage":"de","potentialAction":[{"@type":"ReadAction","target":["https:\/\/la-concordia.de\/?product=olivenoel-500ml"]}]},{"@type":"BreadcrumbList","@id":"https:\/\/la-concordia.de\/?product=olivenoel-500ml#breadcrumb","itemListElement":[{"@type":"ListItem","position":1,"name":"Startseite","item":"https:\/\/la-concordia.de\/"},{"@type":"ListItem","position":2,"name":"Shop","item":"https:\/\/la-concordia.de\/?page_id=7"},{"@type":"ListItem","position":3,"name":"Oliven\u00f6l 500ml"}]}]}},"_links":{"self":[{"href":"https:\/\/la-concordia.de\/index.php?rest_route=\/wp\/v2\/product\/1092","targetHints":{"allow":["GET"]}}],"collection":[{"href":"https:\/\/la-concordia.de\/index.php?rest_route=\/wp\/v2\/product"}],"about":[{"href":"https:\/\/la-concordia.de\/index.php?rest_route=\/wp\/v2\/types\/product"}],"replies":[{"embeddable":true,"href":"https:\/\/la-concordia.de\/index.php?rest_route=%2Fwp%2Fv2%2Fcomments&post=1092"}],"wp:featuredmedia":[{"embeddable":true,"href":"https:\/\/la-concordia.de\/index.php?rest_route=\/wp\/v2\/media\/1093"}],"wp:attachment":[{"href":"https:\/\/la-concordia.de\/index.php?rest_route=%2Fwp%2Fv2%2Fmedia&parent=1092"}],"wp:term":[{"taxonomy":"product_cat","embeddable":true,"href":"https:\/\/la-concordia.de\/index.php?rest_route=%2Fwp%2Fv2%2Fproduct_cat&post=1092"},{"taxonomy":"product_tag","embeddable":true,"href":"https:\/\/la-concordia.de\/index.php?rest_route=%2Fwp%2Fv2%2Fproduct_tag&post=1092"}],"curies":[{"name":"wp","href":"https:\/\/api.w.org\/{rel}","templated":true}]}}