{"id":41,"date":"2020-01-21T12:48:57","date_gmt":"2020-01-21T12:48:57","guid":{"rendered":"http:\/\/cristiano.ukrdevs.com\/?page_id=41"},"modified":"2022-06-03T08:00:31","modified_gmt":"2022-06-03T08:00:31","slug":"home","status":"publish","type":"page","link":"https:\/\/la-concordia.de\/","title":{"rendered":"Startseite"},"content":{"rendered":"\t\t<div data-elementor-type=\"wp-page\" data-elementor-id=\"41\" class=\"elementor elementor-41\" data-elementor-settings=\"[]\">\n\t\t\t\t\t\t\t<div class=\"elementor-section-wrap\">\n\t\t\t\t\t\t\t<section class=\"elementor-section elementor-top-section elementor-element elementor-element-185d82d elementor-section-boxed elementor-section-height-default elementor-section-height-default\" data-id=\"185d82d\" data-element_type=\"section\">\n\t\t\t\t\t\t<div class=\"elementor-container elementor-column-gap-default\">\n\t\t\t\t\t<div class=\"elementor-column elementor-col-100 elementor-top-column elementor-element elementor-element-fcc779a\" data-id=\"fcc779a\" data-element_type=\"column\">\n\t\t\t<div class=\"elementor-widget-wrap elementor-element-populated\">\n\t\t\t\t\t\t\t\t<div class=\"elementor-element elementor-element-e255920 elementor-widget elementor-widget-cristiano_heading\" data-id=\"e255920\" data-element_type=\"widget\" data-widget_type=\"cristiano_heading.default\">\n\t\t\t\t<div class=\"elementor-widget-container\">\n\t\t\t\t\t\t<div class=\"section-title v1\">\n\t\t\t\t<p class=\"subtitle color-pr-tx\">Wir sind bald wieder f\u00fcr euch da<\/p>\n\t\t\t\t<h3 class=\"font-heading\">Wir bauen um<\/h3>\n\t\t\t<\/div>\n\t\t\t\t<\/div>\n\t\t\t\t<\/div>\n\t\t\t\t<div class=\"elementor-element elementor-element-4a67334 elementor-widget elementor-widget-text-editor\" data-id=\"4a67334\" data-element_type=\"widget\" data-widget_type=\"text-editor.default\">\n\t\t\t\t<div class=\"elementor-widget-container\">\n\t\t\t\t\t\t\t<p>Aktuell bauen wir f\u00fcr euch um, bald sind wir wieder am alten Standort f\u00fcr euch verf\u00fcgbar!<\/p>\t\t\t\t\t\t<\/div>\n\t\t\t\t<\/div>\n\t\t\t\t<div class=\"elementor-element elementor-element-f49b321 elementor-widget elementor-widget-html\" data-id=\"f49b321\" data-element_type=\"widget\" data-widget_type=\"html.default\">\n\t\t\t\t<div class=\"elementor-widget-container\">\n\t\t\t<div id=\"fb-root\"><\/div>\n<script async defer crossorigin=\"anonymous\" src=\"https:\/\/connect.facebook.net\/de_DE\/sdk.js#xfbml=1&version=v14.0\" nonce=\"I4E9nz5J\"><\/script>\n\n<div class=\"fb-page\" data-href=\"https:\/\/www.facebook.com\/Ristorante-Pizzeria-La-Concordia-161797120540562\/\" data-tabs=\"timeline\" data-width=\"1024\" data-height=\"\" data-small-header=\"false\" data-adapt-container-width=\"true\" data-hide-cover=\"true\" data-show-facepile=\"false\"><blockquote cite=\"https:\/\/www.facebook.com\/Ristorante-Pizzeria-La-Concordia-161797120540562\/\" class=\"fb-xfbml-parse-ignore\"><a href=\"https:\/\/www.facebook.com\/Ristorante-Pizzeria-La-Concordia-161797120540562\/\">Ristorante Pizzeria &quot;La Concordia&quot;<\/a><\/blockquote><\/div>\t\t<\/div>\n\t\t\t\t<\/div>\n\t\t\t\t\t<\/div>\n\t\t<\/div>\n\t\t\t\t\t\t\t<\/div>\n\t\t<\/section>\n\t\t\t\t<section class=\"elementor-section elementor-top-section elementor-element elementor-element-d8a3b61 elementor-section-boxed elementor-section-height-default elementor-section-height-default\" data-id=\"d8a3b61\" data-element_type=\"section\">\n\t\t\t\t\t\t<div class=\"elementor-container elementor-column-gap-default\">\n\t\t\t\t\t<div class=\"elementor-column elementor-col-100 elementor-top-column elementor-element elementor-element-916a008\" data-id=\"916a008\" data-element_type=\"column\">\n\t\t\t<div class=\"elementor-widget-wrap elementor-element-populated\">\n\t\t\t\t\t\t\t\t<div class=\"elementor-element elementor-element-6399819 elementor-widget elementor-widget-cristiano_testimonials_slider\" data-id=\"6399819\" data-element_type=\"widget\" data-widget_type=\"cristiano_testimonials_slider.default\">\n\t\t\t\t<div class=\"elementor-widget-container\">\n\t\t\t\n\t\t\t\t<section id=\"testimonials-slider\" class=\"testimonials-slider section-block \">\n\t\t\t\t\t\t<div class=\"center\">\n\t\t\t\t\t\t\t\t\t<div class=\"section-title v1\">\n\t\t\t\t\t\t\t\t\t\t\t\t\t<p class=\"subtitle color-pr-tx\">Google-Rezensionen<\/p>\n\t\t\t\t\t\t\t\t\t\t\t\t<h3 class=\"font-heading\">Bewertungen von unseren Kunden<\/h3>\n\t\t\t\t\t<\/div>\n\t\t\t\t\t\t\t\t\t\n\t\t\t\t\t\t\t\t\t\t\t\t\t<div class=\"owl-carousel testimonial-carousel\">\n\t\t\t\t\t\t\t\t\t\t\t\t\t<div class=\"swiper-slide\">\r\n\t\t\t<div class=\"content\">\t\r\n\t\t\t\t\r\n\t\t\t\t<i class=\"fa fa-quote-left\" aria-hidden=\"true\"><\/i>\r\n\t\t\t\t\t\t<blockquote ><p>Ausgezeichnete Italienisch\/Sizilianische K\u00fcche!!!! Preis Leistung unschlagbar. F\u00fcr Menschen mit Z\u00f6liakie,oder Glutenunvertr\u00e4glichkeit bedenkenlos zu empfehlen! Super freundliches Personal,ohne aufdringlich zu sein! Wenn Italienisch essen gehen,dann im La Concordia!<\/p>\n<\/blockquote>\r\n\t\t\t<h2 class=\"font-heading color-pr-tx\">Dr. Benz<\/h2>\t\r\n\t\t<\/div>\r\n\t<\/div>\t\t\t\t\t\t\t\t\t\t\t\t\t<div class=\"swiper-slide\">\r\n\t\t\t<div class=\"content\">\t\r\n\t\t\t\t\r\n\t\t\t\t<i class=\"fa fa-quote-left\" aria-hidden=\"true\"><\/i>\r\n\t\t\t\t\t\t<blockquote ><p>Super Service, super Essen, super Lage &#8211; rundum einfach sehr gut und nichts zum M\u00e4ckern!<br \/>\nDer Service ist sehr freundlich und zuvorkommend und begegnet einem immer mit strahlenden Augen (das L\u00e4cheln kann man ja leider auf Grund der Masken nicht sehen). Sonderw\u00fcnsche oder Allergien sind kein Problem f\u00fcr das Team und wird tadellos umgesetzt. Das Essen schmeckt fantastisch und ist definitiv mit viel Herzblut zubereitet.<br \/>\nIch war bereits das zweite mal zu Besuch und werde auch das n\u00e4chste mal wieder kommen um mich wie in Italien f\u00fchlen zu k\u00f6nnen neben der sch\u00f6nen Ahr \ud83d\ude42<\/p>\n<\/blockquote>\r\n\t\t\t<h2 class=\"font-heading color-pr-tx\">Saskia Schick<\/h2>\t\r\n\t\t<\/div>\r\n\t<\/div>\t\t\t\t\t\t\t\t\t\t\t\t\t<div class=\"swiper-slide\">\r\n\t\t\t<div class=\"content\">\t\r\n\t\t\t\t\r\n\t\t\t\t<i class=\"fa fa-quote-left\" aria-hidden=\"true\"><\/i>\r\n\t\t\t\t\t\t<blockquote ><p>ch\u00f6nes Ambiente, hervorragender Service, erstklassige Bedienung und Tagesempfehlungen, sehr hohe Qualit\u00e4t der Speisen und Auswahl von italienischen Weinen.<\/p>\n<\/blockquote>\r\n\t\t\t<h2 class=\"font-heading color-pr-tx\">Juergen Osswald<\/h2>\t\r\n\t\t<\/div>\r\n\t<\/div>\t\t\t\t\t\t\t\t\t\t\t<\/div>\t\t\n\t\t\t\t\t\t\n\t\t\t<\/div>\n\t\t\t<script>\n\t\t\t\tjQuery('.testimonial-carousel').owlCarousel({\n\t\t\t\t\tnav: true,\n\t\t\t\t\titems: 1,\n\t\t\t\t\tmargin: 0,\n\t\t\t\t\tautoHeight: true,\n\t\t\t\t\tdots: false,\n\t\t\t\t\tloop: true,\n\t\t\t\t\tautoplay: Boolean(  ),\n\t\t\t\t\tautoplayHoverPause: Boolean(  ),\t\t\t\t\t\n\t\t\t\t});\n\t\t\t<\/script>\t\t\t\t\n\t\t<\/section>\t\t\n\t\t\n\t\t\t\t<\/div>\n\t\t\t\t<\/div>\n\t\t\t\t\t<\/div>\n\t\t<\/div>\n\t\t\t\t\t\t\t<\/div>\n\t\t<\/section>\n\t\t\t\t\t\t<\/div>\n\t\t\t\t\t<\/div>\n\t\t","protected":false},"excerpt":{"rendered":"<p>Wir sind bald wieder f\u00fcr euch da Wir bauen um Aktuell bauen wir f\u00fcr euch um, bald sind wir wieder am alten Standort f\u00fcr euch verf\u00fcgbar! Ristorante Pizzeria &quot;La Concordia&quot;&#8230;<\/p>\n","protected":false},"author":1,"featured_media":0,"parent":0,"menu_order":-10,"comment_status":"closed","ping_status":"closed","template":"","meta":{"footnotes":""},"class_list":["post-41","page","type-page","status-publish","hentry"],"yoast_head":"<!-- This site is optimized with the Yoast SEO plugin v17.9 - https:\/\/yoast.com\/wordpress\/plugins\/seo\/ -->\n<title>Startseite - La Concordia<\/title>\n<meta name=\"robots\" content=\"index, follow, max-snippet:-1, max-image-preview:large, max-video-preview:-1\" \/>\n<link rel=\"canonical\" href=\"https:\/\/la-concordia.de\/\" \/>\n<meta property=\"og:locale\" content=\"de_DE\" \/>\n<meta property=\"og:type\" content=\"article\" \/>\n<meta property=\"og:title\" content=\"Startseite - La Concordia\" \/>\n<meta property=\"og:description\" content=\"Wir sind bald wieder f\u00fcr euch da Wir bauen um Aktuell bauen wir f\u00fcr euch um, bald sind wir wieder am alten Standort f\u00fcr euch verf\u00fcgbar! Ristorante Pizzeria &quot;La Concordia&quot;...\" \/>\n<meta property=\"og:url\" content=\"https:\/\/la-concordia.de\/\" \/>\n<meta property=\"og:site_name\" content=\"La Concordia\" \/>\n<meta property=\"article:modified_time\" content=\"2022-06-03T08:00:31+00:00\" \/>\n<meta name=\"twitter:card\" content=\"summary_large_image\" \/>\n<meta name=\"twitter:label1\" content=\"Gesch\u00e4tzte Lesezeit\" \/>\n\t<meta name=\"twitter:data1\" content=\"4\u00a0Minuten\" \/>\n<script type=\"application\/ld+json\" class=\"yoast-schema-graph\">{\"@context\":\"https:\/\/schema.org\",\"@graph\":[{\"@type\":\"WebSite\",\"@id\":\"https:\/\/la-concordia.de\/#website\",\"url\":\"https:\/\/la-concordia.de\/\",\"name\":\"La Concordia\",\"description\":\"innovativ | italiensch\",\"potentialAction\":[{\"@type\":\"SearchAction\",\"target\":{\"@type\":\"EntryPoint\",\"urlTemplate\":\"https:\/\/la-concordia.de\/?s={search_term_string}\"},\"query-input\":\"required name=search_term_string\"}],\"inLanguage\":\"de\"},{\"@type\":\"WebPage\",\"@id\":\"https:\/\/la-concordia.de\/#webpage\",\"url\":\"https:\/\/la-concordia.de\/\",\"name\":\"Startseite - La Concordia\",\"isPartOf\":{\"@id\":\"https:\/\/la-concordia.de\/#website\"},\"datePublished\":\"2020-01-21T12:48:57+00:00\",\"dateModified\":\"2022-06-03T08:00:31+00:00\",\"breadcrumb\":{\"@id\":\"https:\/\/la-concordia.de\/#breadcrumb\"},\"inLanguage\":\"de\",\"potentialAction\":[{\"@type\":\"ReadAction\",\"target\":[\"https:\/\/la-concordia.de\/\"]}]},{\"@type\":\"BreadcrumbList\",\"@id\":\"https:\/\/la-concordia.de\/#breadcrumb\",\"itemListElement\":[{\"@type\":\"ListItem\",\"position\":1,\"name\":\"Startseite\",\"item\":\"https:\/\/la-concordia.de\/\"},{\"@type\":\"ListItem\",\"position\":2,\"name\":\"Startseite\"}]}]}<\/script>\n<!-- \/ Yoast SEO plugin. -->","yoast_head_json":{"title":"Startseite - La Concordia","robots":{"index":"index","follow":"follow","max-snippet":"max-snippet:-1","max-image-preview":"max-image-preview:large","max-video-preview":"max-video-preview:-1"},"canonical":"https:\/\/la-concordia.de\/","og_locale":"de_DE","og_type":"article","og_title":"Startseite - La Concordia","og_description":"Wir sind bald wieder f\u00fcr euch da Wir bauen um Aktuell bauen wir f\u00fcr euch um, bald sind wir wieder am alten Standort f\u00fcr euch verf\u00fcgbar! Ristorante Pizzeria &quot;La Concordia&quot;...","og_url":"https:\/\/la-concordia.de\/","og_site_name":"La Concordia","article_modified_time":"2022-06-03T08:00:31+00:00","twitter_card":"summary_large_image","twitter_misc":{"Gesch\u00e4tzte Lesezeit":"4\u00a0Minuten"},"schema":{"@context":"https:\/\/schema.org","@graph":[{"@type":"WebSite","@id":"https:\/\/la-concordia.de\/#website","url":"https:\/\/la-concordia.de\/","name":"La Concordia","description":"innovativ | italiensch","potentialAction":[{"@type":"SearchAction","target":{"@type":"EntryPoint","urlTemplate":"https:\/\/la-concordia.de\/?s={search_term_string}"},"query-input":"required name=search_term_string"}],"inLanguage":"de"},{"@type":"WebPage","@id":"https:\/\/la-concordia.de\/#webpage","url":"https:\/\/la-concordia.de\/","name":"Startseite - La Concordia","isPartOf":{"@id":"https:\/\/la-concordia.de\/#website"},"datePublished":"2020-01-21T12:48:57+00:00","dateModified":"2022-06-03T08:00:31+00:00","breadcrumb":{"@id":"https:\/\/la-concordia.de\/#breadcrumb"},"inLanguage":"de","potentialAction":[{"@type":"ReadAction","target":["https:\/\/la-concordia.de\/"]}]},{"@type":"BreadcrumbList","@id":"https:\/\/la-concordia.de\/#breadcrumb","itemListElement":[{"@type":"ListItem","position":1,"name":"Startseite","item":"https:\/\/la-concordia.de\/"},{"@type":"ListItem","position":2,"name":"Startseite"}]}]}},"_links":{"self":[{"href":"https:\/\/la-concordia.de\/index.php?rest_route=\/wp\/v2\/pages\/41","targetHints":{"allow":["GET"]}}],"collection":[{"href":"https:\/\/la-concordia.de\/index.php?rest_route=\/wp\/v2\/pages"}],"about":[{"href":"https:\/\/la-concordia.de\/index.php?rest_route=\/wp\/v2\/types\/page"}],"author":[{"embeddable":true,"href":"https:\/\/la-concordia.de\/index.php?rest_route=\/wp\/v2\/users\/1"}],"replies":[{"embeddable":true,"href":"https:\/\/la-concordia.de\/index.php?rest_route=%2Fwp%2Fv2%2Fcomments&post=41"}],"version-history":[{"count":41,"href":"https:\/\/la-concordia.de\/index.php?rest_route=\/wp\/v2\/pages\/41\/revisions"}],"predecessor-version":[{"id":1119,"href":"https:\/\/la-concordia.de\/index.php?rest_route=\/wp\/v2\/pages\/41\/revisions\/1119"}],"wp:attachment":[{"href":"https:\/\/la-concordia.de\/index.php?rest_route=%2Fwp%2Fv2%2Fmedia&parent=41"}],"curies":[{"name":"wp","href":"https:\/\/api.w.org\/{rel}","templated":true}]}}